{"id":4746,"date":"2024-04-30T09:57:04","date_gmt":"2024-04-30T12:57:04","guid":{"rendered":"https:\/\/brunomatos.com.br\/?page_id=4746"},"modified":"2026-01-30T12:49:00","modified_gmt":"2026-01-30T15:49:00","slug":"aula-ia-whats","status":"publish","type":"page","link":"https:\/\/brunomatos.com.br\/l5d\/aula-ia-whats\/","title":{"rendered":"Aula &#8211; IA &#8211; Whats"},"content":{"rendered":"\t\t<div data-elementor-type=\"wp-page\" data-elementor-id=\"4746\" class=\"elementor elementor-4746\" data-elementor-settings=\"{&quot;ha_cmc_init_switcher&quot;:&quot;no&quot;}\" data-elementor-post-type=\"page\">\n\t\t\t\t\t\t<section class=\"elementor-section elementor-top-section elementor-element elementor-element-d1d10ec elementor-section-boxed elementor-section-height-default elementor-section-height-default\" data-id=\"d1d10ec\" data-element_type=\"section\" data-e-type=\"section\" id=\"insc\" data-settings=\"{&quot;background_background&quot;:&quot;gradient&quot;}\">\n\t\t\t\t\t\t\t<div class=\"elementor-background-overlay\"><\/div>\n\t\t\t\t\t\t\t<div class=\"elementor-container elementor-column-gap-default\">\n\t\t\t\t\t<div class=\"elementor-column elementor-col-100 elementor-top-column elementor-element elementor-element-eaacc80\" data-id=\"eaacc80\" data-element_type=\"column\" data-e-type=\"column\">\n\t\t\t<div class=\"elementor-widget-wrap elementor-element-populated\">\n\t\t\t\t\t\t<div class=\"elementor-element elementor-element-be0bbc4 elementor-widget elementor-widget-html\" data-id=\"be0bbc4\" data-element_type=\"widget\" data-e-type=\"widget\" data-widget_type=\"html.default\">\n\t\t\t\t<div class=\"elementor-widget-container\">\n\t\t\t\t\t<script src=\"https:\/\/ajax.googleapis.com\/ajax\/libs\/jquery\/3.7.1\/jquery.min.js\"><\/script>\n<script>\n    \n jQuery(document).ready(function($) {\n    \/\/ Usar 'body' como elemento pai ou outro cont\u00eainer est\u00e1tico que j\u00e1 exista no DOM\n    $('body').on('click', '#callaction_6630eab472aee2000b1b195b_0 > a', function(e) {\n        e.preventDefault();  \/\/ Impede que o link redirecione para outro lugar\n        \/\/ Substitua 'YOUR_POPUP_ID' pelo ID correto do seu popup do Elementor\n        elementorProFrontend.modules.popup.showPopup({id: '4828'});\n    });\n});\n    \n    \n<\/script>\t\t\t\t<\/div>\n\t\t\t\t<\/div>\n\t\t\t\t<div class=\"elementor-element elementor-element-df10d08 elementor-widget elementor-widget-heading\" data-id=\"df10d08\" data-element_type=\"widget\" data-e-type=\"widget\" data-widget_type=\"heading.default\">\n\t\t\t\t<div class=\"elementor-widget-container\">\n\t\t\t\t\t<h2 class=\"elementor-heading-title elementor-size-default\">Qualquer pessoa consegue criar um neg\u00f3cio gringo e  <span style=\"color:#FFAC00;b\">faturar m\u00faltiplos R$ 10 mil mensais<\/span> vendendo em d\u00f3lar, utilizando a IA do maior vendedor do mundo<\/h2>\t\t\t\t<\/div>\n\t\t\t\t<\/div>\n\t\t\t\t<div class=\"elementor-element elementor-element-72eaddb elementor-icon-list--layout-inline elementor-align-center elementor-widget__width-initial elementor-widget-laptop__width-inherit elementor-widget-tablet__width-initial elementor-mobile-align-start elementor-widget-mobile__width-initial elementor-list-item-link-full_width elementor-widget elementor-widget-icon-list\" data-id=\"72eaddb\" data-element_type=\"widget\" data-e-type=\"widget\" data-widget_type=\"icon-list.default\">\n\t\t\t\t<div class=\"elementor-widget-container\">\n\t\t\t\t\t\t\t<ul class=\"elementor-icon-list-items elementor-inline-items\">\n\t\t\t\t\t\t\t<li class=\"elementor-icon-list-item elementor-inline-item\">\n\t\t\t\t\t\t\t\t\t\t\t<span class=\"elementor-icon-list-icon\">\n\t\t\t\t\t\t\t<svg xmlns=\"http:\/\/www.w3.org\/2000\/svg\" width=\"16\" height=\"16\" viewBox=\"0 0 16 16\" fill=\"none\"><path d=\"M10.265 6.265L8.53 8L10.265 9.735C10.3018 9.76933 10.3314 9.81073 10.3519 9.85673C10.3724 9.90273 10.3834 9.95239 10.3843 10.0027C10.3852 10.0531 10.3759 10.1031 10.3571 10.1498C10.3382 10.1965 10.3101 10.2389 10.2745 10.2745C10.2389 10.3101 10.1965 10.3382 10.1498 10.3571C10.1031 10.3759 10.0531 10.3852 10.0027 10.3843C9.95239 10.3834 9.90273 10.3724 9.85673 10.3519C9.81073 10.3314 9.76933 10.3018 9.735 10.265L8 8.53L6.265 10.265C6.19392 10.3312 6.09989 10.3673 6.00274 10.3656C5.90559 10.3639 5.8129 10.3245 5.74419 10.2558C5.67549 10.1871 5.63613 10.0944 5.63442 9.99726C5.6327 9.90011 5.66876 9.80609 5.735 9.735L7.47 8L5.735 6.265C5.66876 6.19391 5.6327 6.09989 5.63442 6.00274C5.63613 5.90559 5.67549 5.8129 5.74419 5.74419C5.8129 5.67548 5.90559 5.63613 6.00274 5.63441C6.09989 5.6327 6.19392 5.66876 6.265 5.735L8 7.47L9.735 5.735C9.80609 5.66876 9.90011 5.6327 9.99726 5.63441C10.0944 5.63613 10.1871 5.67548 10.2558 5.74419C10.3245 5.8129 10.3639 5.90559 10.3656 6.00274C10.3673 6.09989 10.3312 6.19391 10.265 6.265ZM14.375 8C14.375 9.26086 14.0011 10.4934 13.3006 11.5418C12.6001 12.5901 11.6045 13.4072 10.4396 13.8897C9.27473 14.3722 7.99293 14.4985 6.7563 14.2525C5.51967 14.0065 4.38376 13.3994 3.4922 12.5078C2.60064 11.6162 1.99348 10.4803 1.7475 9.2437C1.50152 8.00707 1.62776 6.72527 2.11027 5.56039C2.59278 4.39551 3.40988 3.39988 4.45824 2.69938C5.50661 1.99889 6.73915 1.625 8 1.625C9.69015 1.62698 11.3105 2.29927 12.5056 3.49439C13.7007 4.6895 14.373 6.30985 14.375 8ZM13.625 8C13.625 6.88748 13.2951 5.79994 12.677 4.87492C12.0589 3.94989 11.1804 3.22892 10.1526 2.80318C9.12476 2.37743 7.99376 2.26604 6.90262 2.48308C5.81148 2.70012 4.8092 3.23585 4.02253 4.02252C3.23586 4.80919 2.70013 5.81147 2.48309 6.90262C2.26604 7.99376 2.37744 9.12476 2.80318 10.1526C3.22892 11.1804 3.94989 12.0589 4.87492 12.677C5.79995 13.2951 6.88748 13.625 8 13.625C9.49134 13.6233 10.9211 13.0302 11.9757 11.9756C13.0302 10.9211 13.6233 9.49134 13.625 8Z\" fill=\"url(#paint0_linear_67_11)\"><\/path><defs><linearGradient id=\"paint0_linear_67_11\" x1=\"1.625\" y1=\"8\" x2=\"14.375\" y2=\"8\" gradientUnits=\"userSpaceOnUse\"><stop stop-color=\"#FF9500\"><\/stop><stop offset=\"1\" stop-color=\"#FEB801\"><\/stop><\/linearGradient><\/defs><\/svg>\t\t\t\t\t\t<\/span>\n\t\t\t\t\t\t\t\t\t\t<span class=\"elementor-icon-list-text\">Sem precisar aparecer<\/span>\n\t\t\t\t\t\t\t\t\t<\/li>\n\t\t\t\t\t\t\t\t<li class=\"elementor-icon-list-item elementor-inline-item\">\n\t\t\t\t\t\t\t\t\t\t\t<span class=\"elementor-icon-list-icon\">\n\t\t\t\t\t\t\t<svg xmlns=\"http:\/\/www.w3.org\/2000\/svg\" width=\"16\" height=\"16\" viewBox=\"0 0 16 16\" fill=\"none\"><path d=\"M10.265 6.265L8.53 8L10.265 9.735C10.3018 9.76933 10.3314 9.81073 10.3519 9.85673C10.3724 9.90273 10.3834 9.95239 10.3843 10.0027C10.3852 10.0531 10.3759 10.1031 10.3571 10.1498C10.3382 10.1965 10.3101 10.2389 10.2745 10.2745C10.2389 10.3101 10.1965 10.3382 10.1498 10.3571C10.1031 10.3759 10.0531 10.3852 10.0027 10.3843C9.95239 10.3834 9.90273 10.3724 9.85673 10.3519C9.81073 10.3314 9.76933 10.3018 9.735 10.265L8 8.53L6.265 10.265C6.19392 10.3312 6.09989 10.3673 6.00274 10.3656C5.90559 10.3639 5.8129 10.3245 5.74419 10.2558C5.67549 10.1871 5.63613 10.0944 5.63442 9.99726C5.6327 9.90011 5.66876 9.80609 5.735 9.735L7.47 8L5.735 6.265C5.66876 6.19391 5.6327 6.09989 5.63442 6.00274C5.63613 5.90559 5.67549 5.8129 5.74419 5.74419C5.8129 5.67548 5.90559 5.63613 6.00274 5.63441C6.09989 5.6327 6.19392 5.66876 6.265 5.735L8 7.47L9.735 5.735C9.80609 5.66876 9.90011 5.6327 9.99726 5.63441C10.0944 5.63613 10.1871 5.67548 10.2558 5.74419C10.3245 5.8129 10.3639 5.90559 10.3656 6.00274C10.3673 6.09989 10.3312 6.19391 10.265 6.265ZM14.375 8C14.375 9.26086 14.0011 10.4934 13.3006 11.5418C12.6001 12.5901 11.6045 13.4072 10.4396 13.8897C9.27473 14.3722 7.99293 14.4985 6.7563 14.2525C5.51967 14.0065 4.38376 13.3994 3.4922 12.5078C2.60064 11.6162 1.99348 10.4803 1.7475 9.2437C1.50152 8.00707 1.62776 6.72527 2.11027 5.56039C2.59278 4.39551 3.40988 3.39988 4.45824 2.69938C5.50661 1.99889 6.73915 1.625 8 1.625C9.69015 1.62698 11.3105 2.29927 12.5056 3.49439C13.7007 4.6895 14.373 6.30985 14.375 8ZM13.625 8C13.625 6.88748 13.2951 5.79994 12.677 4.87492C12.0589 3.94989 11.1804 3.22892 10.1526 2.80318C9.12476 2.37743 7.99376 2.26604 6.90262 2.48308C5.81148 2.70012 4.8092 3.23585 4.02253 4.02252C3.23586 4.80919 2.70013 5.81147 2.48309 6.90262C2.26604 7.99376 2.37744 9.12476 2.80318 10.1526C3.22892 11.1804 3.94989 12.0589 4.87492 12.677C5.79995 13.2951 6.88748 13.625 8 13.625C9.49134 13.6233 10.9211 13.0302 11.9757 11.9756C13.0302 10.9211 13.6233 9.49134 13.625 8Z\" fill=\"url(#paint0_linear_67_11)\"><\/path><defs><linearGradient id=\"paint0_linear_67_11\" x1=\"1.625\" y1=\"8\" x2=\"14.375\" y2=\"8\" gradientUnits=\"userSpaceOnUse\"><stop stop-color=\"#FF9500\"><\/stop><stop offset=\"1\" stop-color=\"#FEB801\"><\/stop><\/linearGradient><\/defs><\/svg>\t\t\t\t\t\t<\/span>\n\t\t\t\t\t\t\t\t\t\t<span class=\"elementor-icon-list-text\">Sem produzir conte\u00fado<\/span>\n\t\t\t\t\t\t\t\t\t<\/li>\n\t\t\t\t\t\t\t\t<li class=\"elementor-icon-list-item elementor-inline-item\">\n\t\t\t\t\t\t\t\t\t\t\t<span class=\"elementor-icon-list-icon\">\n\t\t\t\t\t\t\t<svg xmlns=\"http:\/\/www.w3.org\/2000\/svg\" width=\"16\" height=\"16\" viewBox=\"0 0 16 16\" fill=\"none\"><path d=\"M10.265 6.265L8.53 8L10.265 9.735C10.3018 9.76933 10.3314 9.81073 10.3519 9.85673C10.3724 9.90273 10.3834 9.95239 10.3843 10.0027C10.3852 10.0531 10.3759 10.1031 10.3571 10.1498C10.3382 10.1965 10.3101 10.2389 10.2745 10.2745C10.2389 10.3101 10.1965 10.3382 10.1498 10.3571C10.1031 10.3759 10.0531 10.3852 10.0027 10.3843C9.95239 10.3834 9.90273 10.3724 9.85673 10.3519C9.81073 10.3314 9.76933 10.3018 9.735 10.265L8 8.53L6.265 10.265C6.19392 10.3312 6.09989 10.3673 6.00274 10.3656C5.90559 10.3639 5.8129 10.3245 5.74419 10.2558C5.67549 10.1871 5.63613 10.0944 5.63442 9.99726C5.6327 9.90011 5.66876 9.80609 5.735 9.735L7.47 8L5.735 6.265C5.66876 6.19391 5.6327 6.09989 5.63442 6.00274C5.63613 5.90559 5.67549 5.8129 5.74419 5.74419C5.8129 5.67548 5.90559 5.63613 6.00274 5.63441C6.09989 5.6327 6.19392 5.66876 6.265 5.735L8 7.47L9.735 5.735C9.80609 5.66876 9.90011 5.6327 9.99726 5.63441C10.0944 5.63613 10.1871 5.67548 10.2558 5.74419C10.3245 5.8129 10.3639 5.90559 10.3656 6.00274C10.3673 6.09989 10.3312 6.19391 10.265 6.265ZM14.375 8C14.375 9.26086 14.0011 10.4934 13.3006 11.5418C12.6001 12.5901 11.6045 13.4072 10.4396 13.8897C9.27473 14.3722 7.99293 14.4985 6.7563 14.2525C5.51967 14.0065 4.38376 13.3994 3.4922 12.5078C2.60064 11.6162 1.99348 10.4803 1.7475 9.2437C1.50152 8.00707 1.62776 6.72527 2.11027 5.56039C2.59278 4.39551 3.40988 3.39988 4.45824 2.69938C5.50661 1.99889 6.73915 1.625 8 1.625C9.69015 1.62698 11.3105 2.29927 12.5056 3.49439C13.7007 4.6895 14.373 6.30985 14.375 8ZM13.625 8C13.625 6.88748 13.2951 5.79994 12.677 4.87492C12.0589 3.94989 11.1804 3.22892 10.1526 2.80318C9.12476 2.37743 7.99376 2.26604 6.90262 2.48308C5.81148 2.70012 4.8092 3.23585 4.02253 4.02252C3.23586 4.80919 2.70013 5.81147 2.48309 6.90262C2.26604 7.99376 2.37744 9.12476 2.80318 10.1526C3.22892 11.1804 3.94989 12.0589 4.87492 12.677C5.79995 13.2951 6.88748 13.625 8 13.625C9.49134 13.6233 10.9211 13.0302 11.9757 11.9756C13.0302 10.9211 13.6233 9.49134 13.625 8Z\" fill=\"url(#paint0_linear_67_11)\"><\/path><defs><linearGradient id=\"paint0_linear_67_11\" x1=\"1.625\" y1=\"8\" x2=\"14.375\" y2=\"8\" gradientUnits=\"userSpaceOnUse\"><stop stop-color=\"#FF9500\"><\/stop><stop offset=\"1\" stop-color=\"#FEB801\"><\/stop><\/linearGradient><\/defs><\/svg>\t\t\t\t\t\t<\/span>\n\t\t\t\t\t\t\t\t\t\t<span class=\"elementor-icon-list-text\">Sem falar ingl\u00eas<\/span>\n\t\t\t\t\t\t\t\t\t<\/li>\n\t\t\t\t\t\t<\/ul>\n\t\t\t\t\t\t<\/div>\n\t\t\t\t<\/div>\n\t\t\t\t<div class=\"elementor-element elementor-element-676ce69 elementor-widget elementor-widget-heading\" data-id=\"676ce69\" data-element_type=\"widget\" data-e-type=\"widget\" data-widget_type=\"heading.default\">\n\t\t\t\t<div class=\"elementor-widget-container\">\n\t\t\t\t\t<h2 class=\"elementor-heading-title elementor-size-default\"><span style=\"color:#FFAC00\"> Assista essa aula r\u00e1pida <\/span>e saiba como ter liberdade, ajudar sua fam\u00edlia e realizar seus sonhos com um neg\u00f3cio gringo.<\/h2>\t\t\t\t<\/div>\n\t\t\t\t<\/div>\n\t\t\t\t<div class=\"elementor-element elementor-element-feb275b elementor-widget elementor-widget-html\" data-id=\"feb275b\" data-element_type=\"widget\" data-e-type=\"widget\" data-widget_type=\"html.default\">\n\t\t\t\t<div class=\"elementor-widget-container\">\n\t\t\t\t\t<vturb-smartplayer id=\"vid-697cd07e5a3297048cbc788c\" style=\"display: block; margin: 0 auto; width: 100%; \"><\/vturb-smartplayer> <script type=\"text\/javascript\"> var s=document.createElement(\"script\"); s.src=\"https:\/\/scripts.converteai.net\/923a3212-75e9-4eab-bd8b-4d4f43061da5\/players\/697cd07e5a3297048cbc788c\/v4\/player.js\", s.async=!0,document.head.appendChild(s); <\/script>\t\t\t\t<\/div>\n\t\t\t\t<\/div>\n\t\t\t\t\t<\/div>\n\t\t<\/div>\n\t\t\t\t\t<\/div>\n\t\t<\/section>\n\t\t\t\t<section class=\"elementor-section elementor-top-section elementor-element elementor-element-1c8fefe elementor-section-boxed elementor-section-height-default elementor-section-height-default\" data-id=\"1c8fefe\" data-element_type=\"section\" data-e-type=\"section\" data-settings=\"{&quot;background_background&quot;:&quot;classic&quot;}\">\n\t\t\t\t\t\t<div class=\"elementor-container elementor-column-gap-default\">\n\t\t\t\t\t<div class=\"elementor-column elementor-col-100 elementor-top-column elementor-element elementor-element-4795ec4\" data-id=\"4795ec4\" data-element_type=\"column\" data-e-type=\"column\">\n\t\t\t<div class=\"elementor-widget-wrap elementor-element-populated\">\n\t\t\t\t\t\t<div class=\"elementor-element elementor-element-0213b8b elementor-widget elementor-widget-text-editor\" data-id=\"0213b8b\" data-element_type=\"widget\" data-e-type=\"widget\" data-widget_type=\"text-editor.default\">\n\t\t\t\t<div class=\"elementor-widget-container\">\n\t\t\t\t\t\t\t\t\t<p><a href=\"https:\/\/brunomatos.com.br\/politica-de-privacidade\/\">Pol\u00edtica de Privacidade<\/a> | <a href=\"https:\/\/brunomatos.com.br\/termos-de-uso\">Termos de Uso<\/a><\/p>\n<p>Bruno Matos 2024&nbsp; &#8211;&nbsp; Todos os Direitos Reservados&nbsp;<\/p>\t\t\t\t\t\t\t\t<\/div>\n\t\t\t\t<\/div>\n\t\t\t\t\t<\/div>\n\t\t<\/div>\n\t\t\t\t\t<\/div>\n\t\t<\/section>\n\t\t\t\t<\/div>\n\t\t","protected":false},"excerpt":{"rendered":"<p>Qualquer pessoa consegue criar um neg\u00f3cio gringo e faturar m\u00faltiplos R$ 10 mil mensais vendendo em d\u00f3lar, utilizando a IA do maior vendedor do mundo Sem precisar aparecer Sem produzir conte\u00fado Sem falar ingl\u00eas Assista essa aula r\u00e1pida e saiba como ter liberdade, ajudar sua fam\u00edlia e realizar seus sonhos com um neg\u00f3cio gringo. Pol\u00edtica [&hellip;]<\/p>\n","protected":false},"author":1,"featured_media":0,"parent":0,"menu_order":0,"comment_status":"closed","ping_status":"closed","template":"elementor_canvas","meta":{"footnotes":""},"class_list":["post-4746","page","type-page","status-publish","hentry"],"yoast_head":"<!-- This site is optimized with the Yoast SEO plugin v27.5 - https:\/\/yoast.com\/product\/yoast-seo-wordpress\/ -->\n<title>Aula - IA - Whats - Bruno Matos<\/title>\n<meta name=\"robots\" content=\"index, follow, max-snippet:-1, max-image-preview:large, max-video-preview:-1\" \/>\n<link rel=\"canonical\" href=\"https:\/\/brunomatos.com.br\/l5d\/aula-ia-whats\/\" \/>\n<meta property=\"og:locale\" content=\"pt_BR\" \/>\n<meta property=\"og:type\" content=\"article\" \/>\n<meta property=\"og:title\" content=\"Aula - IA - Whats - Bruno Matos\" \/>\n<meta property=\"og:description\" content=\"Qualquer pessoa consegue criar um neg\u00f3cio gringo e faturar m\u00faltiplos R$ 10 mil mensais vendendo em d\u00f3lar, utilizando a IA do maior vendedor do mundo Sem precisar aparecer Sem produzir conte\u00fado Sem falar ingl\u00eas Assista essa aula r\u00e1pida e saiba como ter liberdade, ajudar sua fam\u00edlia e realizar seus sonhos com um neg\u00f3cio gringo. Pol\u00edtica [&hellip;]\" \/>\n<meta property=\"og:url\" content=\"https:\/\/brunomatos.com.br\/l5d\/aula-ia-whats\/\" \/>\n<meta property=\"og:site_name\" content=\"Bruno Matos\" \/>\n<meta property=\"article:modified_time\" content=\"2026-01-30T15:49:00+00:00\" \/>\n<meta name=\"twitter:card\" content=\"summary_large_image\" \/>\n<meta name=\"twitter:label1\" content=\"Est. tempo de leitura\" \/>\n\t<meta name=\"twitter:data1\" content=\"1 minuto\" \/>\n<script type=\"application\/ld+json\" class=\"yoast-schema-graph\">{\"@context\":\"https:\\\/\\\/schema.org\",\"@graph\":[{\"@type\":\"WebPage\",\"@id\":\"https:\\\/\\\/brunomatos.com.br\\\/l5d\\\/aula-ia-whats\\\/\",\"url\":\"https:\\\/\\\/brunomatos.com.br\\\/l5d\\\/aula-ia-whats\\\/\",\"name\":\"Aula - IA - Whats - Bruno Matos\",\"isPartOf\":{\"@id\":\"https:\\\/\\\/brunomatos.com.br\\\/l5d\\\/#website\"},\"datePublished\":\"2024-04-30T12:57:04+00:00\",\"dateModified\":\"2026-01-30T15:49:00+00:00\",\"breadcrumb\":{\"@id\":\"https:\\\/\\\/brunomatos.com.br\\\/l5d\\\/aula-ia-whats\\\/#breadcrumb\"},\"inLanguage\":\"pt-BR\",\"potentialAction\":[{\"@type\":\"ReadAction\",\"target\":[\"https:\\\/\\\/brunomatos.com.br\\\/l5d\\\/aula-ia-whats\\\/\"]}]},{\"@type\":\"BreadcrumbList\",\"@id\":\"https:\\\/\\\/brunomatos.com.br\\\/l5d\\\/aula-ia-whats\\\/#breadcrumb\",\"itemListElement\":[{\"@type\":\"ListItem\",\"position\":1,\"name\":\"In\u00edcio\",\"item\":\"https:\\\/\\\/brunomatos.com.br\\\/l5d\\\/\"},{\"@type\":\"ListItem\",\"position\":2,\"name\":\"Aula &#8211; IA &#8211; Whats\"}]},{\"@type\":\"WebSite\",\"@id\":\"https:\\\/\\\/brunomatos.com.br\\\/l5d\\\/#website\",\"url\":\"https:\\\/\\\/brunomatos.com.br\\\/l5d\\\/\",\"name\":\"Bruno Matos\",\"description\":\"Passo a passo do zero para vender em real e d\u00f3lar como afiliado.\",\"potentialAction\":[{\"@type\":\"SearchAction\",\"target\":{\"@type\":\"EntryPoint\",\"urlTemplate\":\"https:\\\/\\\/brunomatos.com.br\\\/l5d\\\/?s={search_term_string}\"},\"query-input\":{\"@type\":\"PropertyValueSpecification\",\"valueRequired\":true,\"valueName\":\"search_term_string\"}}],\"inLanguage\":\"pt-BR\"}]}<\/script>\n<!-- \/ Yoast SEO plugin. -->","yoast_head_json":{"title":"Aula - IA - Whats - Bruno Matos","robots":{"index":"index","follow":"follow","max-snippet":"max-snippet:-1","max-image-preview":"max-image-preview:large","max-video-preview":"max-video-preview:-1"},"canonical":"https:\/\/brunomatos.com.br\/l5d\/aula-ia-whats\/","og_locale":"pt_BR","og_type":"article","og_title":"Aula - IA - Whats - Bruno Matos","og_description":"Qualquer pessoa consegue criar um neg\u00f3cio gringo e faturar m\u00faltiplos R$ 10 mil mensais vendendo em d\u00f3lar, utilizando a IA do maior vendedor do mundo Sem precisar aparecer Sem produzir conte\u00fado Sem falar ingl\u00eas Assista essa aula r\u00e1pida e saiba como ter liberdade, ajudar sua fam\u00edlia e realizar seus sonhos com um neg\u00f3cio gringo. Pol\u00edtica [&hellip;]","og_url":"https:\/\/brunomatos.com.br\/l5d\/aula-ia-whats\/","og_site_name":"Bruno Matos","article_modified_time":"2026-01-30T15:49:00+00:00","twitter_card":"summary_large_image","twitter_misc":{"Est. tempo de leitura":"1 minuto"},"schema":{"@context":"https:\/\/schema.org","@graph":[{"@type":"WebPage","@id":"https:\/\/brunomatos.com.br\/l5d\/aula-ia-whats\/","url":"https:\/\/brunomatos.com.br\/l5d\/aula-ia-whats\/","name":"Aula - IA - Whats - Bruno Matos","isPartOf":{"@id":"https:\/\/brunomatos.com.br\/l5d\/#website"},"datePublished":"2024-04-30T12:57:04+00:00","dateModified":"2026-01-30T15:49:00+00:00","breadcrumb":{"@id":"https:\/\/brunomatos.com.br\/l5d\/aula-ia-whats\/#breadcrumb"},"inLanguage":"pt-BR","potentialAction":[{"@type":"ReadAction","target":["https:\/\/brunomatos.com.br\/l5d\/aula-ia-whats\/"]}]},{"@type":"BreadcrumbList","@id":"https:\/\/brunomatos.com.br\/l5d\/aula-ia-whats\/#breadcrumb","itemListElement":[{"@type":"ListItem","position":1,"name":"In\u00edcio","item":"https:\/\/brunomatos.com.br\/l5d\/"},{"@type":"ListItem","position":2,"name":"Aula &#8211; IA &#8211; Whats"}]},{"@type":"WebSite","@id":"https:\/\/brunomatos.com.br\/l5d\/#website","url":"https:\/\/brunomatos.com.br\/l5d\/","name":"Bruno Matos","description":"Passo a passo do zero para vender em real e d\u00f3lar como afiliado.","potentialAction":[{"@type":"SearchAction","target":{"@type":"EntryPoint","urlTemplate":"https:\/\/brunomatos.com.br\/l5d\/?s={search_term_string}"},"query-input":{"@type":"PropertyValueSpecification","valueRequired":true,"valueName":"search_term_string"}}],"inLanguage":"pt-BR"}]}},"_links":{"self":[{"href":"https:\/\/brunomatos.com.br\/l5d\/wp-json\/wp\/v2\/pages\/4746","targetHints":{"allow":["GET"]}}],"collection":[{"href":"https:\/\/brunomatos.com.br\/l5d\/wp-json\/wp\/v2\/pages"}],"about":[{"href":"https:\/\/brunomatos.com.br\/l5d\/wp-json\/wp\/v2\/types\/page"}],"author":[{"embeddable":true,"href":"https:\/\/brunomatos.com.br\/l5d\/wp-json\/wp\/v2\/users\/1"}],"replies":[{"embeddable":true,"href":"https:\/\/brunomatos.com.br\/l5d\/wp-json\/wp\/v2\/comments?post=4746"}],"version-history":[{"count":16,"href":"https:\/\/brunomatos.com.br\/l5d\/wp-json\/wp\/v2\/pages\/4746\/revisions"}],"predecessor-version":[{"id":10327,"href":"https:\/\/brunomatos.com.br\/l5d\/wp-json\/wp\/v2\/pages\/4746\/revisions\/10327"}],"wp:attachment":[{"href":"https:\/\/brunomatos.com.br\/l5d\/wp-json\/wp\/v2\/media?parent=4746"}],"curies":[{"name":"wp","href":"https:\/\/api.w.org\/{rel}","templated":true}]}}