{"id":1517,"date":"2022-06-16T17:04:14","date_gmt":"2022-06-16T20:04:14","guid":{"rendered":"https:\/\/brunomatos.com.br\/?page_id=1517"},"modified":"2022-11-17T09:30:31","modified_gmt":"2022-11-17T12:30:31","slug":"ainda-nao-finalizou-2","status":"publish","type":"page","link":"https:\/\/brunomatos.com.br\/l5d\/ainda-nao-finalizou-2\/","title":{"rendered":"Ainda N\u00e3o Finalizou 2"},"content":{"rendered":"\t\t<div data-elementor-type=\"wp-page\" data-elementor-id=\"1517\" class=\"elementor elementor-1517\" data-elementor-settings=\"{&quot;ha_cmc_init_switcher&quot;:&quot;no&quot;}\" data-elementor-post-type=\"page\">\n\t\t\t\t\t\t<section class=\"elementor-section elementor-top-section elementor-element elementor-element-a5bcc25 elementor-section-boxed elementor-section-height-default elementor-section-height-default\" data-id=\"a5bcc25\" data-element_type=\"section\" data-e-type=\"section\" data-settings=\"{&quot;background_background&quot;:&quot;gradient&quot;,&quot;shape_divider_bottom&quot;:&quot;mountains&quot;}\">\n\t\t\t\t\t\t\t<div class=\"elementor-background-overlay\"><\/div>\n\t\t\t\t\t\t<div class=\"elementor-shape elementor-shape-bottom\" aria-hidden=\"true\" data-negative=\"false\">\n\t\t\t<svg xmlns=\"http:\/\/www.w3.org\/2000\/svg\" viewBox=\"0 0 1000 100\" preserveAspectRatio=\"none\">\n\t<path class=\"elementor-shape-fill\" opacity=\"0.33\" d=\"M473,67.3c-203.9,88.3-263.1-34-320.3,0C66,119.1,0,59.7,0,59.7V0h1000v59.7 c0,0-62.1,26.1-94.9,29.3c-32.8,3.3-62.8-12.3-75.8-22.1C806,49.6,745.3,8.7,694.9,4.7S492.4,59,473,67.3z\"\/>\n\t<path class=\"elementor-shape-fill\" opacity=\"0.66\" d=\"M734,67.3c-45.5,0-77.2-23.2-129.1-39.1c-28.6-8.7-150.3-10.1-254,39.1 s-91.7-34.4-149.2,0C115.7,118.3,0,39.8,0,39.8V0h1000v36.5c0,0-28.2-18.5-92.1-18.5C810.2,18.1,775.7,67.3,734,67.3z\"\/>\n\t<path class=\"elementor-shape-fill\" d=\"M766.1,28.9c-200-57.5-266,65.5-395.1,19.5C242,1.8,242,5.4,184.8,20.6C128,35.8,132.3,44.9,89.9,52.5C28.6,63.7,0,0,0,0 h1000c0,0-9.9,40.9-83.6,48.1S829.6,47,766.1,28.9z\"\/>\n<\/svg>\t\t<\/div>\n\t\t\t\t\t<div class=\"elementor-container elementor-column-gap-default\">\n\t\t\t\t\t<div class=\"elementor-column elementor-col-100 elementor-top-column elementor-element elementor-element-c723bc4\" data-id=\"c723bc4\" data-element_type=\"column\" data-e-type=\"column\">\n\t\t\t<div class=\"elementor-widget-wrap elementor-element-populated\">\n\t\t\t\t\t\t<div class=\"elementor-element elementor-element-a29d7bf elementor-widget elementor-widget-progress\" data-id=\"a29d7bf\" data-element_type=\"widget\" data-e-type=\"widget\" data-widget_type=\"progress.default\">\n\t\t\t\t<div class=\"elementor-widget-container\">\n\t\t\t\t\t\t\t\t<span class=\"elementor-title\" id=\"elementor-progress-bar-a29d7bf\">\n\t\t\t\tESTAMOS QUASE L\u00c1! FALTA POUCO PRA FINALIZAR!\t\t\t<\/span>\n\t\t\n\t\t<div aria-labelledby=\"elementor-progress-bar-a29d7bf\" class=\"elementor-progress-wrapper\" role=\"progressbar\" aria-valuemin=\"0\" aria-valuemax=\"100\" aria-valuenow=\"75\" aria-valuetext=\"75% (PROCESSO EM:)\">\n\t\t\t<div class=\"elementor-progress-bar\" data-max=\"75\">\n\t\t\t\t<span class=\"elementor-progress-text\">PROCESSO EM:<\/span>\n\t\t\t\t\t\t\t\t\t<span class=\"elementor-progress-percentage\">75%<\/span>\n\t\t\t\t\t\t\t<\/div>\n\t\t<\/div>\n\t\t\t\t\t\t<\/div>\n\t\t\t\t<\/div>\n\t\t\t\t<div class=\"elementor-element elementor-element-61f333a elementor-hidden-tablet elementor-hidden-mobile elementor-widget elementor-widget-heading\" data-id=\"61f333a\" data-element_type=\"widget\" data-e-type=\"widget\" data-widget_type=\"heading.default\">\n\t\t\t\t<div class=\"elementor-widget-container\">\n\t\t\t\t\t<h2 class=\"elementor-heading-title elementor-size-default\">ate\u00e7\u00e3o! N\u00c3O FECHE ESSA P\u00c1GINA E NEM RECARREGUE<\/h2>\t\t\t\t<\/div>\n\t\t\t\t<\/div>\n\t\t\t\t<div class=\"elementor-element elementor-element-8c76be0 elementor-hidden-tablet elementor-hidden-mobile elementor-widget elementor-widget-heading\" data-id=\"8c76be0\" data-element_type=\"widget\" data-e-type=\"widget\" data-widget_type=\"heading.default\">\n\t\t\t\t<div class=\"elementor-widget-container\">\n\t\t\t\t\t<h2 class=\"elementor-heading-title elementor-size-default\"><span style=\"color:#000000;background-color:#FCBD03;padding:2px 1px;border-radius:12px\">OPORTUNIDADE \u00daNICA e in\u00e9dita<\/span><\/h2>\t\t\t\t<\/div>\n\t\t\t\t<\/div>\n\t\t\t\t<div class=\"elementor-element elementor-element-3a9473d elementor-hidden-tablet elementor-hidden-mobile elementor-widget elementor-widget-heading\" data-id=\"3a9473d\" data-element_type=\"widget\" data-e-type=\"widget\" data-widget_type=\"heading.default\">\n\t\t\t\t<div class=\"elementor-widget-container\">\n\t\t\t\t\t<h2 class=\"elementor-heading-title elementor-size-default\"><span style=\"color:#000000;background-color:#FCBD03;padding:2px 1px;border-radius:12px\"> APROVEITA, porQUE voc\u00ea nunca mais vai ver essa oportunidade!<\/span><\/h2>\t\t\t\t<\/div>\n\t\t\t\t<\/div>\n\t\t\t\t<div class=\"elementor-element elementor-element-30c4509 elementor-hidden-tablet elementor-hidden-mobile elementor-widget elementor-widget-heading\" data-id=\"30c4509\" data-element_type=\"widget\" data-e-type=\"widget\" data-widget_type=\"heading.default\">\n\t\t\t\t<div class=\"elementor-widget-container\">\n\t\t\t\t\t<h2 class=\"elementor-heading-title elementor-size-default\">assista esse v\u00eddeo de 1 minuto para ententer:<\/h2>\t\t\t\t<\/div>\n\t\t\t\t<\/div>\n\t\t\t\t<div class=\"elementor-element elementor-element-a551e60 elementor-hidden-desktop elementor-widget elementor-widget-text-editor\" data-id=\"a551e60\" data-element_type=\"widget\" data-e-type=\"widget\" data-widget_type=\"text-editor.default\">\n\t\t\t\t<div class=\"elementor-widget-container\">\n\t\t\t\t\t\t\t\t\t<p><span style=\"text-decoration: underline;\">ATEN\u00c7\u00c3O!&nbsp;<\/span><span style=\"text-decoration: underline;\">N\u00c3O FECHE ESSA P\u00c1GINA E NEM RECARREGUE<\/span><\/p>\t\t\t\t\t\t\t\t<\/div>\n\t\t\t\t<\/div>\n\t\t\t\t<div class=\"elementor-element elementor-element-89d4cba elementor-hidden-desktop elementor-widget elementor-widget-text-editor\" data-id=\"89d4cba\" data-element_type=\"widget\" data-e-type=\"widget\" data-widget_type=\"text-editor.default\">\n\t\t\t\t<div class=\"elementor-widget-container\">\n\t\t\t\t\t\t\t\t\t<p><span style=\"background-color: transparent; color: #ffff00;\">OPORTUNIDADE \u00daNICA E IN\u00c9DITA<\/span><\/p>\t\t\t\t\t\t\t\t<\/div>\n\t\t\t\t<\/div>\n\t\t\t\t<div class=\"elementor-element elementor-element-5f4faf6 elementor-hidden-desktop elementor-widget elementor-widget-text-editor\" data-id=\"5f4faf6\" data-element_type=\"widget\" data-e-type=\"widget\" data-widget_type=\"text-editor.default\">\n\t\t\t\t<div class=\"elementor-widget-container\">\n\t\t\t\t\t\t\t\t\t<p><span style=\"color: #ffff00;\">APROVEITA, PORQUE VOC\u00ca NUNCA MAIS VAI VER ESSA OPORTUNIDADE!<\/span><\/p>\t\t\t\t\t\t\t\t<\/div>\n\t\t\t\t<\/div>\n\t\t\t\t<div class=\"elementor-element elementor-element-3dc4c02 elementor-hidden-desktop elementor-widget elementor-widget-text-editor\" data-id=\"3dc4c02\" data-element_type=\"widget\" data-e-type=\"widget\" data-widget_type=\"text-editor.default\">\n\t\t\t\t<div class=\"elementor-widget-container\">\n\t\t\t\t\t\t\t\t\t<p>ASSITA ESSE V\u00cdDEO DE 1 MINUTO PARA ENTENDER:<\/p>\t\t\t\t\t\t\t\t<\/div>\n\t\t\t\t<\/div>\n\t\t\t\t<div class=\"elementor-element elementor-element-a156fca elementor-widget elementor-widget-video\" data-id=\"a156fca\" data-element_type=\"widget\" data-e-type=\"widget\" data-settings=\"{&quot;youtube_url&quot;:&quot;https:\\\/\\\/youtu.be\\\/Kt0Y1T8y-lM&quot;,&quot;video_type&quot;:&quot;youtube&quot;,&quot;controls&quot;:&quot;yes&quot;}\" data-widget_type=\"video.default\">\n\t\t\t\t<div class=\"elementor-widget-container\">\n\t\t\t\t\t\t\t<div class=\"elementor-wrapper elementor-open-inline\">\n\t\t\t<div class=\"elementor-video\"><\/div>\t\t<\/div>\n\t\t\t\t\t\t<\/div>\n\t\t\t\t<\/div>\n\t\t\t\t\t<\/div>\n\t\t<\/div>\n\t\t\t\t\t<\/div>\n\t\t<\/section>\n\t\t\t\t<section class=\"elementor-section elementor-top-section elementor-element elementor-element-fe80502 elementor-section-boxed elementor-section-height-default elementor-section-height-default\" data-id=\"fe80502\" data-element_type=\"section\" data-e-type=\"section\" data-settings=\"{&quot;background_background&quot;:&quot;classic&quot;}\">\n\t\t\t\t\t\t<div class=\"elementor-container elementor-column-gap-default\">\n\t\t\t\t\t<div class=\"elementor-column elementor-col-100 elementor-top-column elementor-element elementor-element-a5b6bf4\" data-id=\"a5b6bf4\" data-element_type=\"column\" data-e-type=\"column\">\n\t\t\t<div class=\"elementor-widget-wrap elementor-element-populated\">\n\t\t\t\t\t\t<div class=\"elementor-element elementor-element-e7110e0 atrasado elementor-widget elementor-widget-text-editor\" data-id=\"e7110e0\" data-element_type=\"widget\" data-e-type=\"widget\" data-widget_type=\"text-editor.default\">\n\t\t\t\t<div class=\"elementor-widget-container\">\n\t\t\t\t\t\t\t\t\t<p>ESSA OFERTA TERMINA EM:<\/p>\t\t\t\t\t\t\t\t<\/div>\n\t\t\t\t<\/div>\n\t\t\t\t\t<\/div>\n\t\t<\/div>\n\t\t\t\t\t<\/div>\n\t\t<\/section>\n\t\t\t\t<section class=\"elementor-section elementor-top-section elementor-element elementor-element-946f7b7 elementor-section-boxed elementor-section-height-default elementor-section-height-default\" data-id=\"946f7b7\" data-element_type=\"section\" data-e-type=\"section\">\n\t\t\t\t\t\t<div class=\"elementor-container elementor-column-gap-default\">\n\t\t\t\t\t<div class=\"elementor-column elementor-col-100 elementor-top-column elementor-element elementor-element-a32f74a\" data-id=\"a32f74a\" data-element_type=\"column\" data-e-type=\"column\">\n\t\t\t<div class=\"elementor-widget-wrap elementor-element-populated\">\n\t\t\t\t\t\t<div class=\"elementor-element elementor-element-9032241 atrasado elementor-countdown--label-block elementor-widget elementor-widget-countdown\" data-id=\"9032241\" data-element_type=\"widget\" data-e-type=\"widget\" data-widget_type=\"countdown.default\">\n\t\t\t\t<div class=\"elementor-widget-container\">\n\t\t\t\t\t\t\t<div data-evergreen-interval=\"900\" class=\"elementor-countdown-wrapper\" data-date=\"\">\n\t\t\t<div class=\"elementor-countdown-item\"><span class=\"elementor-countdown-digits elementor-countdown-minutes\"><\/span> <span class=\"elementor-countdown-label\">Minutos<\/span><\/div><div class=\"elementor-countdown-item\"><span class=\"elementor-countdown-digits elementor-countdown-seconds\"><\/span> <span class=\"elementor-countdown-label\">Segundos<\/span><\/div>\t\t<\/div>\n\t\t\t\t\t\t<\/div>\n\t\t\t\t<\/div>\n\t\t\t\t\t<\/div>\n\t\t<\/div>\n\t\t\t\t\t<\/div>\n\t\t<\/section>\n\t\t\t\t<section class=\"elementor-section elementor-top-section elementor-element elementor-element-946c671 elementor-section-boxed elementor-section-height-default elementor-section-height-default\" data-id=\"946c671\" data-element_type=\"section\" data-e-type=\"section\" data-settings=\"{&quot;background_background&quot;:&quot;classic&quot;}\">\n\t\t\t\t\t\t<div class=\"elementor-container elementor-column-gap-default\">\n\t\t\t\t\t<div class=\"elementor-column elementor-col-100 elementor-top-column elementor-element elementor-element-517661a\" data-id=\"517661a\" data-element_type=\"column\" data-e-type=\"column\">\n\t\t\t<div class=\"elementor-widget-wrap elementor-element-populated\">\n\t\t\t\t\t\t<div class=\"elementor-element elementor-element-0225f4f atrasado elementor-widget elementor-widget-heading\" data-id=\"0225f4f\" data-element_type=\"widget\" data-e-type=\"widget\" data-widget_type=\"heading.default\">\n\t\t\t\t<div class=\"elementor-widget-container\">\n\t\t\t\t\t<h2 class=\"elementor-heading-title elementor-size-default\">R$ 200 OFF S\u00d3 AQUI<\/h2>\t\t\t\t<\/div>\n\t\t\t\t<\/div>\n\t\t\t\t<div class=\"elementor-element elementor-element-fa1e812 elementor-widget elementor-widget-menu-anchor\" data-id=\"fa1e812\" data-element_type=\"widget\" data-e-type=\"widget\" data-widget_type=\"menu-anchor.default\">\n\t\t\t\t<div class=\"elementor-widget-container\">\n\t\t\t\t\t\t\t<div class=\"elementor-menu-anchor\" id=\"comprar\"><\/div>\n\t\t\t\t\t\t<\/div>\n\t\t\t\t<\/div>\n\t\t\t\t\t<\/div>\n\t\t<\/div>\n\t\t\t\t\t<\/div>\n\t\t<\/section>\n\t\t\t\t<section class=\"elementor-section elementor-top-section elementor-element elementor-element-9560bcf atrasado elementor-section-boxed elementor-section-height-default elementor-section-height-default\" data-id=\"9560bcf\" data-element_type=\"section\" data-e-type=\"section\" data-settings=\"{&quot;background_background&quot;:&quot;classic&quot;}\">\n\t\t\t\t\t\t<div class=\"elementor-container elementor-column-gap-default\">\n\t\t\t\t\t<div class=\"elementor-column elementor-col-100 elementor-top-column elementor-element elementor-element-b7b6114\" data-id=\"b7b6114\" data-element_type=\"column\" data-e-type=\"column\">\n\t\t\t<div class=\"elementor-widget-wrap elementor-element-populated\">\n\t\t\t\t\t\t<div class=\"elementor-element elementor-element-f6e7d41 elementor-widget elementor-widget-html\" data-id=\"f6e7d41\" data-element_type=\"widget\" data-e-type=\"widget\" data-widget_type=\"html.default\">\n\t\t\t\t<div class=\"elementor-widget-container\">\n\t\t\t\t\t<!-- HOTMART - Upsell Widget -->\n<div id=\"box_hotmart\"><\/div>\n<script src=\"https:\/\/pay.hotmart.com\/assets\/js\/hotmart.upsell_checkout.js\"><\/script>\n\n<script>\nopts = {\nkey: 'USL-85649-244852-92bf3f6b387452e158545b0f7af316cf',\nwidth: '650' ,\nheight: '420'\n};\nUpsell.Widget.show(opts);\n<\/script>\n<!-- HOTMART - Upsell Widget [end] -->\n\t\t\t\t<\/div>\n\t\t\t\t<\/div>\n\t\t\t\t\t<\/div>\n\t\t<\/div>\n\t\t\t\t\t<\/div>\n\t\t<\/section>\n\t\t\t\t<section class=\"elementor-section elementor-top-section elementor-element elementor-element-c462d67 atrasado elementor-section-boxed elementor-section-height-default elementor-section-height-default\" data-id=\"c462d67\" data-element_type=\"section\" data-e-type=\"section\" data-settings=\"{&quot;background_background&quot;:&quot;classic&quot;}\">\n\t\t\t\t\t\t<div class=\"elementor-container elementor-column-gap-default\">\n\t\t\t\t\t<div class=\"elementor-column elementor-col-100 elementor-top-column elementor-element elementor-element-455ec6e6\" data-id=\"455ec6e6\" data-element_type=\"column\" data-e-type=\"column\">\n\t\t\t<div class=\"elementor-widget-wrap elementor-element-populated\">\n\t\t\t\t\t\t<div class=\"elementor-element elementor-element-6a8a17 elementor-widget elementor-widget-text-editor\" data-id=\"6a8a17\" data-element_type=\"widget\" data-e-type=\"widget\" data-widget_type=\"text-editor.default\">\n\t\t\t\t<div class=\"elementor-widget-container\">\n\t\t\t\t\t\t\t\t\t<p><a href=\"https:\/\/brunomatos.com.br\/politica-de-privacidade\/\">Pol\u00edtica de Privacidade<\/a> | <a href=\"https:\/\/brunomatos.com.br\/termos-de-uso\">Termos de Uso<\/a><\/p><p>Bruno Matos 2022\u00a0 &#8211;\u00a0 Todos os Direitos Reservados\u00a0<\/p>\t\t\t\t\t\t\t\t<\/div>\n\t\t\t\t<\/div>\n\t\t\t\t\t<\/div>\n\t\t<\/div>\n\t\t\t\t\t<\/div>\n\t\t<\/section>\n\t\t\t\t<\/div>\n\t\t","protected":false},"excerpt":{"rendered":"<p>ESTAMOS QUASE L\u00c1! FALTA POUCO PRA FINALIZAR! PROCESSO EM: 75% ate\u00e7\u00e3o! N\u00c3O FECHE ESSA P\u00c1GINA E NEM RECARREGUE OPORTUNIDADE \u00daNICA e in\u00e9dita APROVEITA, porQUE voc\u00ea nunca mais vai ver essa oportunidade! assista esse v\u00eddeo de 1 minuto para ententer: ATEN\u00c7\u00c3O!&nbsp;N\u00c3O FECHE ESSA P\u00c1GINA E NEM RECARREGUE OPORTUNIDADE \u00daNICA E IN\u00c9DITA APROVEITA, PORQUE VOC\u00ca NUNCA MAIS [&hellip;]<\/p>\n","protected":false},"author":1,"featured_media":0,"parent":0,"menu_order":0,"comment_status":"closed","ping_status":"closed","template":"elementor_canvas","meta":{"footnotes":""},"class_list":["post-1517","page","type-page","status-publish","hentry"],"yoast_head":"<!-- This site is optimized with the Yoast SEO plugin v27.3 - https:\/\/yoast.com\/product\/yoast-seo-wordpress\/ -->\n<title>Ainda N\u00e3o Finalizou 2 - Bruno Matos<\/title>\n<meta name=\"robots\" content=\"index, follow, max-snippet:-1, max-image-preview:large, max-video-preview:-1\" \/>\n<link rel=\"canonical\" href=\"https:\/\/brunomatos.com.br\/l5d\/ainda-nao-finalizou-2\/\" \/>\n<meta property=\"og:locale\" content=\"pt_BR\" \/>\n<meta property=\"og:type\" content=\"article\" \/>\n<meta property=\"og:title\" content=\"Ainda N\u00e3o Finalizou 2 - Bruno Matos\" \/>\n<meta property=\"og:description\" content=\"ESTAMOS QUASE L\u00c1! FALTA POUCO PRA FINALIZAR! PROCESSO EM: 75% ate\u00e7\u00e3o! N\u00c3O FECHE ESSA P\u00c1GINA E NEM RECARREGUE OPORTUNIDADE \u00daNICA e in\u00e9dita APROVEITA, porQUE voc\u00ea nunca mais vai ver essa oportunidade! assista esse v\u00eddeo de 1 minuto para ententer: ATEN\u00c7\u00c3O!&nbsp;N\u00c3O FECHE ESSA P\u00c1GINA E NEM RECARREGUE OPORTUNIDADE \u00daNICA E IN\u00c9DITA APROVEITA, PORQUE VOC\u00ca NUNCA MAIS [&hellip;]\" \/>\n<meta property=\"og:url\" content=\"https:\/\/brunomatos.com.br\/l5d\/ainda-nao-finalizou-2\/\" \/>\n<meta property=\"og:site_name\" content=\"Bruno Matos\" \/>\n<meta property=\"article:modified_time\" content=\"2022-11-17T12:30:31+00:00\" \/>\n<meta name=\"twitter:card\" content=\"summary_large_image\" \/>\n<meta name=\"twitter:label1\" content=\"Est. tempo de leitura\" \/>\n\t<meta name=\"twitter:data1\" content=\"1 minuto\" \/>\n<script type=\"application\/ld+json\" class=\"yoast-schema-graph\">{\"@context\":\"https:\\\/\\\/schema.org\",\"@graph\":[{\"@type\":\"WebPage\",\"@id\":\"https:\\\/\\\/brunomatos.com.br\\\/l5d\\\/ainda-nao-finalizou-2\\\/\",\"url\":\"https:\\\/\\\/brunomatos.com.br\\\/l5d\\\/ainda-nao-finalizou-2\\\/\",\"name\":\"Ainda N\u00e3o Finalizou 2 - Bruno Matos\",\"isPartOf\":{\"@id\":\"https:\\\/\\\/brunomatos.com.br\\\/l5d\\\/#website\"},\"datePublished\":\"2022-06-16T20:04:14+00:00\",\"dateModified\":\"2022-11-17T12:30:31+00:00\",\"breadcrumb\":{\"@id\":\"https:\\\/\\\/brunomatos.com.br\\\/l5d\\\/ainda-nao-finalizou-2\\\/#breadcrumb\"},\"inLanguage\":\"pt-BR\",\"potentialAction\":[{\"@type\":\"ReadAction\",\"target\":[\"https:\\\/\\\/brunomatos.com.br\\\/l5d\\\/ainda-nao-finalizou-2\\\/\"]}]},{\"@type\":\"BreadcrumbList\",\"@id\":\"https:\\\/\\\/brunomatos.com.br\\\/l5d\\\/ainda-nao-finalizou-2\\\/#breadcrumb\",\"itemListElement\":[{\"@type\":\"ListItem\",\"position\":1,\"name\":\"In\u00edcio\",\"item\":\"https:\\\/\\\/brunomatos.com.br\\\/l5d\\\/\"},{\"@type\":\"ListItem\",\"position\":2,\"name\":\"Ainda N\u00e3o Finalizou 2\"}]},{\"@type\":\"WebSite\",\"@id\":\"https:\\\/\\\/brunomatos.com.br\\\/l5d\\\/#website\",\"url\":\"https:\\\/\\\/brunomatos.com.br\\\/l5d\\\/\",\"name\":\"Bruno Matos\",\"description\":\"Passo a passo do zero para vender em real e d\u00f3lar como afiliado.\",\"potentialAction\":[{\"@type\":\"SearchAction\",\"target\":{\"@type\":\"EntryPoint\",\"urlTemplate\":\"https:\\\/\\\/brunomatos.com.br\\\/l5d\\\/?s={search_term_string}\"},\"query-input\":{\"@type\":\"PropertyValueSpecification\",\"valueRequired\":true,\"valueName\":\"search_term_string\"}}],\"inLanguage\":\"pt-BR\"}]}<\/script>\n<!-- \/ Yoast SEO plugin. -->","yoast_head_json":{"title":"Ainda N\u00e3o Finalizou 2 - Bruno Matos","robots":{"index":"index","follow":"follow","max-snippet":"max-snippet:-1","max-image-preview":"max-image-preview:large","max-video-preview":"max-video-preview:-1"},"canonical":"https:\/\/brunomatos.com.br\/l5d\/ainda-nao-finalizou-2\/","og_locale":"pt_BR","og_type":"article","og_title":"Ainda N\u00e3o Finalizou 2 - Bruno Matos","og_description":"ESTAMOS QUASE L\u00c1! FALTA POUCO PRA FINALIZAR! PROCESSO EM: 75% ate\u00e7\u00e3o! N\u00c3O FECHE ESSA P\u00c1GINA E NEM RECARREGUE OPORTUNIDADE \u00daNICA e in\u00e9dita APROVEITA, porQUE voc\u00ea nunca mais vai ver essa oportunidade! assista esse v\u00eddeo de 1 minuto para ententer: ATEN\u00c7\u00c3O!&nbsp;N\u00c3O FECHE ESSA P\u00c1GINA E NEM RECARREGUE OPORTUNIDADE \u00daNICA E IN\u00c9DITA APROVEITA, PORQUE VOC\u00ca NUNCA MAIS [&hellip;]","og_url":"https:\/\/brunomatos.com.br\/l5d\/ainda-nao-finalizou-2\/","og_site_name":"Bruno Matos","article_modified_time":"2022-11-17T12:30:31+00:00","twitter_card":"summary_large_image","twitter_misc":{"Est. tempo de leitura":"1 minuto"},"schema":{"@context":"https:\/\/schema.org","@graph":[{"@type":"WebPage","@id":"https:\/\/brunomatos.com.br\/l5d\/ainda-nao-finalizou-2\/","url":"https:\/\/brunomatos.com.br\/l5d\/ainda-nao-finalizou-2\/","name":"Ainda N\u00e3o Finalizou 2 - Bruno Matos","isPartOf":{"@id":"https:\/\/brunomatos.com.br\/l5d\/#website"},"datePublished":"2022-06-16T20:04:14+00:00","dateModified":"2022-11-17T12:30:31+00:00","breadcrumb":{"@id":"https:\/\/brunomatos.com.br\/l5d\/ainda-nao-finalizou-2\/#breadcrumb"},"inLanguage":"pt-BR","potentialAction":[{"@type":"ReadAction","target":["https:\/\/brunomatos.com.br\/l5d\/ainda-nao-finalizou-2\/"]}]},{"@type":"BreadcrumbList","@id":"https:\/\/brunomatos.com.br\/l5d\/ainda-nao-finalizou-2\/#breadcrumb","itemListElement":[{"@type":"ListItem","position":1,"name":"In\u00edcio","item":"https:\/\/brunomatos.com.br\/l5d\/"},{"@type":"ListItem","position":2,"name":"Ainda N\u00e3o Finalizou 2"}]},{"@type":"WebSite","@id":"https:\/\/brunomatos.com.br\/l5d\/#website","url":"https:\/\/brunomatos.com.br\/l5d\/","name":"Bruno Matos","description":"Passo a passo do zero para vender em real e d\u00f3lar como afiliado.","potentialAction":[{"@type":"SearchAction","target":{"@type":"EntryPoint","urlTemplate":"https:\/\/brunomatos.com.br\/l5d\/?s={search_term_string}"},"query-input":{"@type":"PropertyValueSpecification","valueRequired":true,"valueName":"search_term_string"}}],"inLanguage":"pt-BR"}]}},"_links":{"self":[{"href":"https:\/\/brunomatos.com.br\/l5d\/wp-json\/wp\/v2\/pages\/1517","targetHints":{"allow":["GET"]}}],"collection":[{"href":"https:\/\/brunomatos.com.br\/l5d\/wp-json\/wp\/v2\/pages"}],"about":[{"href":"https:\/\/brunomatos.com.br\/l5d\/wp-json\/wp\/v2\/types\/page"}],"author":[{"embeddable":true,"href":"https:\/\/brunomatos.com.br\/l5d\/wp-json\/wp\/v2\/users\/1"}],"replies":[{"embeddable":true,"href":"https:\/\/brunomatos.com.br\/l5d\/wp-json\/wp\/v2\/comments?post=1517"}],"version-history":[{"count":136,"href":"https:\/\/brunomatos.com.br\/l5d\/wp-json\/wp\/v2\/pages\/1517\/revisions"}],"predecessor-version":[{"id":3261,"href":"https:\/\/brunomatos.com.br\/l5d\/wp-json\/wp\/v2\/pages\/1517\/revisions\/3261"}],"wp:attachment":[{"href":"https:\/\/brunomatos.com.br\/l5d\/wp-json\/wp\/v2\/media?parent=1517"}],"curies":[{"name":"wp","href":"https:\/\/api.w.org\/{rel}","templated":true}]}}